{"id":8,"date":"2019-02-20T18:09:15","date_gmt":"2019-02-20T17:09:15","guid":{"rendered":"https:\/\/pomoc.aitik.pl\/tmp\/?page_id=8"},"modified":"2025-07-07T08:27:09","modified_gmt":"2025-07-07T06:27:09","slug":"pomoc-aitik","status":"publish","type":"page","link":"https:\/\/pomoc.aitik.pl\/","title":{"rendered":"Pomoc AITIK"},"content":{"rendered":"<p>[et_pb_section fb_built=&#8221;1&#8243; _builder_version=&#8221;3.13&#8243;][et_pb_row custom_padding=&#8221;27px|0px|118px|0px|false|false&#8221; _builder_version=&#8221;3.13&#8243;][et_pb_column type=&#8221;1_5&#8243; _builder_version=&#8221;3.13&#8243; parallax=&#8221;off&#8221; parallax_method=&#8221;on&#8221;][\/et_pb_column][et_pb_column type=&#8221;3_5&#8243; _builder_version=&#8221;3.13&#8243; parallax=&#8221;off&#8221; parallax_method=&#8221;on&#8221;][et_pb_image src=&#8221;https:\/\/pomoc.aitik.pl\/wp-content\/uploads\/2019\/02\/logo_aitik.png&#8221; url=&#8221;http:\/\/aitik.pl\/&#8221; url_new_window=&#8221;on&#8221; align=&#8221;center&#8221; _builder_version=&#8221;3.13&#8243;][\/et_pb_image][\/et_pb_column][et_pb_column type=&#8221;1_5&#8243; _builder_version=&#8221;3.13&#8243; parallax=&#8221;off&#8221; parallax_method=&#8221;on&#8221;][\/et_pb_column][\/et_pb_row][et_pb_row _builder_version=&#8221;3.13&#8243;][et_pb_column type=&#8221;4_4&#8243; _builder_version=&#8221;3.13&#8243; parallax=&#8221;off&#8221; parallax_method=&#8221;on&#8221;][et_pb_tabs active_tab_background_color=&#8221;#ffffff&#8221; inactive_tab_background_color=&#8221;#ffffff&#8221; _builder_version=&#8221;3.13&#8243; tab_font=&#8221;||||||||&#8221; tab_line_height=&#8221;2.3em&#8221; body_font=&#8221;||||||||&#8221; body_text_align=&#8221;center&#8221; border_color_all=&#8221;#ffffff&#8221; border_style_all=&#8221;none&#8221;][et_pb_tab title=&#8221;Windows&#8221; _builder_version=&#8221;3.13&#8243; tab_font=&#8221;||||||||&#8221; tab_text_color=&#8221;#e02b20&#8243;]<\/p>\n<h1>Pobierz AnyDesk dla Windows<\/h1>\n<p>Wystarczy uruchomi\u0107 pobrany plik i mo\u017cemy zaczyna\u0107<\/p>\n<p><a href=\"https:\/\/my.anydesk.com\/v2\/api\/v2\/custom-clients\/downloads\/public\/EYB0OUJSTJHT\/AITIK_PomocZdalna.exe.exe\"><img loading=\"lazy\" decoding=\"async\" class=\"alignnone wp-image-18 size-full\" src=\"https:\/\/pomoc.aitik.pl\/wp-content\/uploads\/2019\/02\/pobierz.png\" alt=\"\" width=\"209\" height=\"62\" \/><\/a><\/p>\n<p>[\/et_pb_tab][et_pb_tab title=&#8221;macOS&#8221; _builder_version=&#8221;3.13&#8243;]<\/p>\n<h1>Pobierz AnyDesk dla macOS<\/h1>\n<p>Wystarczy uruchomi\u0107 pobrany plik i mo\u017cemy zaczyna\u0107<\/p>\n<p><a href=\"https:\/\/my.anydesk.com\/v2\/api\/v2\/custom-clients\/downloads\/public\/ARLHHRBVJVFY\/AITIK_PomocZdalna-macOS.dmg\"><img loading=\"lazy\" decoding=\"async\" class=\"alignnone wp-image-18 size-full\" src=\"https:\/\/pomoc.aitik.pl\/wp-content\/uploads\/2019\/02\/pobierz.png\" alt=\"\" width=\"209\" height=\"62\" \/><\/a><\/p>\n<p>[\/et_pb_tab][et_pb_tab title=&#8221;Linux&#8221; _builder_version=&#8221;3.13&#8243;]<\/p>\n<h1>Pobierz AnyDesk dla Linux<\/h1>\n<p>Wystarczy uruchomi\u0107 pobrany plik i mo\u017cemy zaczyna\u0107<\/p>\n<p><a href=\"\/pobierz\/AITIK_PomocZdalna_Linux-x86.tar.gz\"><img loading=\"lazy\" decoding=\"async\" class=\"wp-image-18 alignnone size-full\" src=\"https:\/\/pomoc.aitik.pl\/wp-content\/uploads\/2019\/02\/pobierz.png\" alt=\"\" width=\"209\" height=\"62\" \/><\/a><\/p>\n<p>[\/et_pb_tab][et_pb_tab title=&#8221;FreeBSD&#8221; _builder_version=&#8221;3.13&#8243;]<\/p>\n<h1>Pobierz AnyDesk dla FreeBSD<\/h1>\n<p>Wystarczy uruchomi\u0107 pobrany plik i mo\u017cemy zaczyna\u0107<\/p>\n<p><a href=\"https:\/\/anydesk.pl\/download?os=freebsd\"><img loading=\"lazy\" decoding=\"async\" class=\"wp-image-18 alignnone size-full\" src=\"https:\/\/pomoc.aitik.pl\/wp-content\/uploads\/2019\/02\/pobierz.png\" alt=\"\" width=\"209\" height=\"62\" \/><\/a><\/p>\n<p>[\/et_pb_tab][et_pb_tab title=&#8221;Android&#8221; _builder_version=&#8221;3.13&#8243;]<\/p>\n<h1>Pobierz AnyDesk dla Android<\/h1>\n<p>Wystarczy uruchomi\u0107 pobrany plik i mo\u017cemy zaczyna\u0107<\/p>\n<p><a href=\"\/pobierz\/AITIK_PomocZdalna-Android.apk\"><img loading=\"lazy\" decoding=\"async\" class=\"wp-image-22 alignnone size-full\" src=\"https:\/\/pomoc.aitik.pl\/wp-content\/uploads\/2019\/02\/googleplay_pobierz.png\" alt=\"\" width=\"211\" height=\"62\" \/><\/a><\/p>\n<p>[\/et_pb_tab][et_pb_tab title=&#8221;iOS&#8221; _builder_version=&#8221;3.13&#8243;]<\/p>\n<h1>Pobierz AnyDesk dla iOS<\/h1>\n<p>Wystarczy uruchomi\u0107 pobrany plik i mo\u017cemy zaczyna\u0107<\/p>\n<p><a href=\"https:\/\/anydesk.pl\/download?os=ios\"><img loading=\"lazy\" decoding=\"async\" class=\"wp-image-23 alignnone size-full\" src=\"https:\/\/pomoc.aitik.pl\/wp-content\/uploads\/2019\/02\/appstore-pobierz.png\" alt=\"\" width=\"185\" height=\"62\" \/><\/a><\/p>\n<p>[\/et_pb_tab][et_pb_tab title=&#8221;Raspberry Pi&#8221; _builder_version=&#8221;3.13&#8243;]<\/p>\n<h1>Pobierz AnyDesk dla Raspberry Pi<\/h1>\n<p>Wystarczy uruchomi\u0107 pobrany plik i mo\u017cemy zaczyna\u0107<\/p>\n<p><a href=\"https:\/\/anydesk.pl\/download?os=raspi\"><img loading=\"lazy\" decoding=\"async\" class=\"wp-image-18 alignnone size-full\" src=\"https:\/\/pomoc.aitik.pl\/wp-content\/uploads\/2019\/02\/pobierz.png\" alt=\"\" width=\"209\" height=\"62\" \/><\/a><\/p>\n<p>[\/et_pb_tab][\/et_pb_tabs][\/et_pb_column][\/et_pb_row][\/et_pb_section][et_pb_section fb_built=&#8221;1&#8243; _builder_version=&#8221;3.13&#8243;][\/et_pb_section]<\/p>\n","protected":false},"excerpt":{"rendered":"<p>[et_pb_section fb_built=&#8221;1&#8243; _builder_version=&#8221;3.13&#8243;][et_pb_row custom_padding=&#8221;27px|0px|118px|0px|false|false&#8221; _builder_version=&#8221;3.13&#8243;][et_pb_column type=&#8221;1_5&#8243; _builder_version=&#8221;3.13&#8243; parallax=&#8221;off&#8221; parallax_method=&#8221;on&#8221;][\/et_pb_column][et_pb_column type=&#8221;3_5&#8243; _builder_version=&#8221;3.13&#8243; parallax=&#8221;off&#8221; parallax_method=&#8221;on&#8221;][et_pb_image src=&#8221;https:\/\/pomoc.aitik.pl\/wp-content\/uploads\/2019\/02\/logo_aitik.png&#8221; url=&#8221;http:\/\/aitik.pl\/&#8221; url_new_window=&#8221;on&#8221; align=&#8221;center&#8221; _builder_version=&#8221;3.13&#8243;][\/et_pb_image][\/et_pb_column][et_pb_column type=&#8221;1_5&#8243; _builder_version=&#8221;3.13&#8243; parallax=&#8221;off&#8221; parallax_method=&#8221;on&#8221;][\/et_pb_column][\/et_pb_row][et_pb_row _builder_version=&#8221;3.13&#8243;][et_pb_column type=&#8221;4_4&#8243; _builder_version=&#8221;3.13&#8243; parallax=&#8221;off&#8221; parallax_method=&#8221;on&#8221;][et_pb_tabs active_tab_background_color=&#8221;#ffffff&#8221; inactive_tab_background_color=&#8221;#ffffff&#8221; _builder_version=&#8221;3.13&#8243; tab_font=&#8221;||||||||&#8221; tab_line_height=&#8221;2.3em&#8221; body_font=&#8221;||||||||&#8221; body_text_align=&#8221;center&#8221; border_color_all=&#8221;#ffffff&#8221; border_style_all=&#8221;none&#8221;][et_pb_tab title=&#8221;Windows&#8221; _builder_version=&#8221;3.13&#8243; tab_font=&#8221;||||||||&#8221; tab_text_color=&#8221;#e02b20&#8243;] Pobierz AnyDesk dla Windows Wystarczy uruchomi\u0107 pobrany plik i mo\u017cemy zaczyna\u0107 [\/et_pb_tab][et_pb_tab title=&#8221;macOS&#8221; _builder_version=&#8221;3.13&#8243;] Pobierz [&hellip;]<\/p>\n","protected":false},"author":1,"featured_media":0,"parent":0,"menu_order":0,"comment_status":"closed","ping_status":"closed","template":"page-template-blank.php","meta":{"footnotes":""},"class_list":["post-8","page","type-page","status-publish","hentry"],"_links":{"self":[{"href":"https:\/\/pomoc.aitik.pl\/index.php\/wp-json\/wp\/v2\/pages\/8","targetHints":{"allow":["GET"]}}],"collection":[{"href":"https:\/\/pomoc.aitik.pl\/index.php\/wp-json\/wp\/v2\/pages"}],"about":[{"href":"https:\/\/pomoc.aitik.pl\/index.php\/wp-json\/wp\/v2\/types\/page"}],"author":[{"embeddable":true,"href":"https:\/\/pomoc.aitik.pl\/index.php\/wp-json\/wp\/v2\/users\/1"}],"replies":[{"embeddable":true,"href":"https:\/\/pomoc.aitik.pl\/index.php\/wp-json\/wp\/v2\/comments?post=8"}],"version-history":[{"count":15,"href":"https:\/\/pomoc.aitik.pl\/index.php\/wp-json\/wp\/v2\/pages\/8\/revisions"}],"predecessor-version":[{"id":49,"href":"https:\/\/pomoc.aitik.pl\/index.php\/wp-json\/wp\/v2\/pages\/8\/revisions\/49"}],"wp:attachment":[{"href":"https:\/\/pomoc.aitik.pl\/index.php\/wp-json\/wp\/v2\/media?parent=8"}],"curies":[{"name":"wp","href":"https:\/\/api.w.org\/{rel}","templated":true}]}}